



{"id":21,"date":"2020-08-04T22:22:21","date_gmt":"2020-08-04T20:22:21","guid":{"rendered":"http:\/\/marylineparadise.com\/?page_id=21"},"modified":"2023-05-23T10:58:15","modified_gmt":"2023-05-23T08:58:15","slug":"about","status":"publish","type":"page","link":"https:\/\/marylineparadise.com\/en\/about\/","title":{"rendered":"About"},"content":{"rendered":"<div data-elementor-type=\"wp-page\" data-elementor-id=\"21\" class=\"elementor elementor-21\">\n\t\t\t\t\t\t<section class=\"elementor-section elementor-top-section elementor-element elementor-element-9ac5e04 elementor-section-boxed elementor-section-height-default elementor-section-height-default\" data-id=\"9ac5e04\" data-element_type=\"section\">\n\t\t\t\t\t\t<div class=\"elementor-container elementor-column-gap-default\">\n\t\t\t\t\t<div class=\"elementor-column elementor-col-50 elementor-top-column elementor-element elementor-element-2a8b464 imgabout\" data-id=\"2a8b464\" data-element_type=\"column\" data-settings=\"{&quot;background_background&quot;:&quot;classic&quot;}\">\n\t\t\t<div class=\"elementor-widget-wrap elementor-element-populated\">\n\t\t\t\t\t\t<div class=\"elementor-element elementor-element-6a51f42 elementor-widget elementor-widget-spacer\" data-id=\"6a51f42\" data-element_type=\"widget\" data-widget_type=\"spacer.default\">\n\t\t\t\t<div class=\"elementor-widget-container\">\n\t\t\t\t\t<div class=\"elementor-spacer\">\n\t\t\t<div class=\"elementor-spacer-inner\"><\/div>\n\t\t<\/div>\n\t\t\t\t<\/div>\n\t\t\t\t<\/div>\n\t\t\t\t\t<\/div>\n\t\t<\/div>\n\t\t\t\t<div class=\"elementor-column elementor-col-50 elementor-top-column elementor-element elementor-element-985df80\" data-id=\"985df80\" data-element_type=\"column\">\n\t\t\t<div class=\"elementor-widget-wrap elementor-element-populated\">\n\t\t\t\t\t\t<div class=\"elementor-element elementor-element-95f3872 elementor-widget elementor-widget-text-editor\" data-id=\"95f3872\" data-element_type=\"widget\" data-settings=\"{&quot;_animation&quot;:&quot;none&quot;}\" data-widget_type=\"text-editor.default\">\n\t\t\t\t<div class=\"elementor-widget-container\">\n\t\t\t\t\t\t\t<p>Je m\u2019appelle Maryline, je suis Fran\u00e7aise et escort \u00e0 Paris depuis Janvier 2015.<br \/>Very early on I knew that what I was about to witness, hear and confront myself with would transform the vision of the world I had had until then.<\/p><p>I couldn\u2019t have imagined to what extent.<\/p><p>I quickly felt the urge to keep what I was going through and the men who asked me to do whatever they wanted as a souvenir. I started taking pictures, I had to be quick before the clients would change their mind. Spontaneous shots, without any scenery. I wanted to be as true and honest as I could be without any affect. Capturing the scene, the man, his posture, the look on his face for eternity into this white frame. Like a trophy, a pictorial testimony where the man gets crushed by his own thrive for immediate desire.<\/p><p>I started archiving everything, every trick, client, phonecall, text message, email, handwritten letters.<\/p><p>One might think that I\u2019m obsessive, a maniac. Since I\u2019m an addict, it sounds fair enough. And prostitution has given my addiction a wonderful playground for it to be fully expressed.<\/p><p>Prostitution takes everything from you.<\/p><p>Your prior life, body, time, feelings.<\/p><p>All your landmarks are being thrown away, just like everything you have learned about right or wrong, truth and lies, what is suitable, what is moral or normal.<\/p><p>Once you become an escort, you don\u2019t immediately understand that by selling your body, you sell your soul.<\/p><p>You feel immensely powerful, but by taking control over your life in such a way, you\u2019ll be stained by these memories of bodies forever.<\/p><p>Ce m\u00e9tier donne acc\u00e8s \u00e0 quelque chose d\u2019unique, il fait de moi la t\u00e9moin privil\u00e9gi\u00e9e du tabou, du cach\u00e9, de l\u2019inavou\u00e9\u2026<\/p><p>But at what cost?<\/p><p>It\u2019s a pitiful spectacle, where masculinity loses all its greatness, its power, there is nothing left to contemplate there.<\/p><p>I\u2019m not a dominatrix, I don\u2019t hang around the BDSM crowd.<\/p><p>I\u2019m not anti-men. I\u2019m no libertarian nor an activist.<\/p><p>I\u2019m not an atheist, nor agnostic, I don\u2019t support any cause.<\/p><p>All these years of work, on thousands of bodies, all this human cob gave birth to<\/p><p><a class=\"link_about\" href=\"https:\/\/marylineparadise.com\/index.php\/gallery\/\">MARYLINE PARADISE<\/a><\/p><p>Welcome to her hell.<\/p>\t\t\t\t\t\t<\/div>\n\t\t\t\t<\/div>\n\t\t\t\t\t<\/div>\n\t\t<\/div>\n\t\t\t\t\t<\/div>\n\t\t<\/section>\n\t\t\t\t<\/div>","protected":false},"excerpt":{"rendered":"<p>Je m\u2019appelle Maryline, je suis Fran\u00e7aise et escort \u00e0 Paris depuis Janvier 2015.J\u2019ai tout de suite compris que ce que j\u2019allais voir, entendre et exp\u00e9rimenter, allait rapidement m\u2019atteindre et transformer ma vision du monde tel que je le connaissais jusqu&rsquo;ici. Je ne pouvais cependant imaginer \u00e0 quel point. Assez rapidement, j\u2019ai ressenti le besoin de [&hellip;]<\/p>","protected":false},"author":1,"featured_media":0,"parent":0,"menu_order":0,"comment_status":"closed","ping_status":"closed","template":"full-width.php","meta":{"_acf_changed":false,"footnotes":""},"acf":[],"_links":{"self":[{"href":"https:\/\/marylineparadise.com\/en\/wp-json\/wp\/v2\/pages\/21"}],"collection":[{"href":"https:\/\/marylineparadise.com\/en\/wp-json\/wp\/v2\/pages"}],"about":[{"href":"https:\/\/marylineparadise.com\/en\/wp-json\/wp\/v2\/types\/page"}],"author":[{"embeddable":true,"href":"https:\/\/marylineparadise.com\/en\/wp-json\/wp\/v2\/users\/1"}],"replies":[{"embeddable":true,"href":"https:\/\/marylineparadise.com\/en\/wp-json\/wp\/v2\/comments?post=21"}],"version-history":[{"count":221,"href":"https:\/\/marylineparadise.com\/en\/wp-json\/wp\/v2\/pages\/21\/revisions"}],"predecessor-version":[{"id":2311,"href":"https:\/\/marylineparadise.com\/en\/wp-json\/wp\/v2\/pages\/21\/revisions\/2311"}],"wp:attachment":[{"href":"https:\/\/marylineparadise.com\/en\/wp-json\/wp\/v2\/media?parent=21"}],"curies":[{"name":"wp","href":"https:\/\/api.w.org\/{rel}","templated":true}]}}