



{"id":3391,"date":"2026-01-30T21:01:30","date_gmt":"2026-01-30T20:01:30","guid":{"rendered":"https:\/\/marylineparadise.com\/produit\/polaroid-piece-unique-samuel-34-aout-2020\/"},"modified":"2026-02-27T09:30:32","modified_gmt":"2026-02-27T08:30:32","slug":"polaroid-piece-unique-samuel-34-aout-2020","status":"publish","type":"product","link":"https:\/\/marylineparadise.com\/en\/product\/polaroid-piece-unique-samuel-34-aout-2020\/","title":{"rendered":"Polaro\u00efd ( pi\u00e8ce unique) Samuel 34. Ao\u00fbt 2020"},"content":{"rendered":"","protected":false},"excerpt":{"rendered":"<p>\ud83d\udc8b et sign\u00e9<\/p>","protected":false},"featured_media":3392,"template":"","meta":{"_acf_changed":false},"product_cat":[67],"product_tag":[],"acf":[],"_links":{"self":[{"href":"https:\/\/marylineparadise.com\/en\/wp-json\/wp\/v2\/product\/3391"}],"collection":[{"href":"https:\/\/marylineparadise.com\/en\/wp-json\/wp\/v2\/product"}],"about":[{"href":"https:\/\/marylineparadise.com\/en\/wp-json\/wp\/v2\/types\/product"}],"version-history":[{"count":1,"href":"https:\/\/marylineparadise.com\/en\/wp-json\/wp\/v2\/product\/3391\/revisions"}],"predecessor-version":[{"id":3473,"href":"https:\/\/marylineparadise.com\/en\/wp-json\/wp\/v2\/product\/3391\/revisions\/3473"}],"wp:featuredmedia":[{"embeddable":true,"href":"https:\/\/marylineparadise.com\/en\/wp-json\/wp\/v2\/media\/3392"}],"wp:attachment":[{"href":"https:\/\/marylineparadise.com\/en\/wp-json\/wp\/v2\/media?parent=3391"}],"wp:term":[{"taxonomy":"product_cat","embeddable":true,"href":"https:\/\/marylineparadise.com\/en\/wp-json\/wp\/v2\/product_cat?post=3391"},{"taxonomy":"product_tag","embeddable":true,"href":"https:\/\/marylineparadise.com\/en\/wp-json\/wp\/v2\/product_tag?post=3391"}],"curies":[{"name":"wp","href":"https:\/\/api.w.org\/{rel}","templated":true}]}}