



{"id":3393,"date":"2026-01-30T21:01:36","date_gmt":"2026-01-30T20:01:36","guid":{"rendered":"https:\/\/marylineparadise.com\/produit\/polaroid-piece-unique-francois-decembre-2019\/"},"modified":"2026-02-27T09:30:32","modified_gmt":"2026-02-27T08:30:32","slug":"polaroid-piece-unique-francois-decembre-2019","status":"publish","type":"product","link":"https:\/\/marylineparadise.com\/en\/product\/polaroid-piece-unique-francois-decembre-2019\/","title":{"rendered":"Polaro\u00efd ( pi\u00e8ce unique) Fran\u00e7ois. Decembre 2019"},"content":{"rendered":"","protected":false},"excerpt":{"rendered":"<p>\ud83d\udc8b et sign\u00e9<\/p>","protected":false},"featured_media":3394,"template":"","meta":{"_acf_changed":false},"product_cat":[67],"product_tag":[],"acf":[],"_links":{"self":[{"href":"https:\/\/marylineparadise.com\/en\/wp-json\/wp\/v2\/product\/3393"}],"collection":[{"href":"https:\/\/marylineparadise.com\/en\/wp-json\/wp\/v2\/product"}],"about":[{"href":"https:\/\/marylineparadise.com\/en\/wp-json\/wp\/v2\/types\/product"}],"version-history":[{"count":1,"href":"https:\/\/marylineparadise.com\/en\/wp-json\/wp\/v2\/product\/3393\/revisions"}],"predecessor-version":[{"id":3472,"href":"https:\/\/marylineparadise.com\/en\/wp-json\/wp\/v2\/product\/3393\/revisions\/3472"}],"wp:featuredmedia":[{"embeddable":true,"href":"https:\/\/marylineparadise.com\/en\/wp-json\/wp\/v2\/media\/3394"}],"wp:attachment":[{"href":"https:\/\/marylineparadise.com\/en\/wp-json\/wp\/v2\/media?parent=3393"}],"wp:term":[{"taxonomy":"product_cat","embeddable":true,"href":"https:\/\/marylineparadise.com\/en\/wp-json\/wp\/v2\/product_cat?post=3393"},{"taxonomy":"product_tag","embeddable":true,"href":"https:\/\/marylineparadise.com\/en\/wp-json\/wp\/v2\/product_tag?post=3393"}],"curies":[{"name":"wp","href":"https:\/\/api.w.org\/{rel}","templated":true}]}}