



{"id":742,"date":"2020-11-07T23:13:21","date_gmt":"2020-11-07T22:13:21","guid":{"rendered":"https:\/\/marylineparadise.com\/?post_type=product&#038;p=742"},"modified":"2025-06-20T10:44:50","modified_gmt":"2025-06-20T08:44:50","slug":"crave-cassette","status":"publish","type":"product","link":"https:\/\/marylineparadise.com\/en\/product\/crave-cassette\/","title":{"rendered":"Crave Cassette"},"content":{"rendered":"<p><img fetchpriority=\"high\" decoding=\"async\" class=\"alignnone size-medium wp-image-743\" src=\"https:\/\/marylineparadise.com\/wp-content\/uploads\/2020\/11\/WhatsApp-Image-2020-10-26-at-14.49.29-1-225x300.jpeg\" alt=\"\" width=\"225\" height=\"300\" srcset=\"https:\/\/marylineparadise.com\/wp-content\/uploads\/2020\/11\/WhatsApp-Image-2020-10-26-at-14.49.29-1-225x300.jpeg 225w, https:\/\/marylineparadise.com\/wp-content\/uploads\/2020\/11\/WhatsApp-Image-2020-10-26-at-14.49.29-1-1000x1333.jpeg 1000w, https:\/\/marylineparadise.com\/wp-content\/uploads\/2020\/11\/WhatsApp-Image-2020-10-26-at-14.49.29-1-600x800.jpeg 600w, https:\/\/marylineparadise.com\/wp-content\/uploads\/2020\/11\/WhatsApp-Image-2020-10-26-at-14.49.29-1-768x1024.jpeg 768w, https:\/\/marylineparadise.com\/wp-content\/uploads\/2020\/11\/WhatsApp-Image-2020-10-26-at-14.49.29-1-1152x1536.jpeg 1152w, https:\/\/marylineparadise.com\/wp-content\/uploads\/2020\/11\/WhatsApp-Image-2020-10-26-at-14.49.29-1-9x12.jpeg 9w, https:\/\/marylineparadise.com\/wp-content\/uploads\/2020\/11\/WhatsApp-Image-2020-10-26-at-14.49.29-1.jpeg 1200w\" sizes=\"(max-width: 225px) 100vw, 225px\" \/><\/p>","protected":false},"excerpt":{"rendered":"<p>Crave Cassette<\/p>\n<p>Conversation t\u00e9l\u00e9phonique entre Maryline et ses clients, mis en musique et mont\u00e9 par le groupe Diapsiquir\/ Cave du 18<\/p>","protected":false},"featured_media":743,"template":"","meta":{"_acf_changed":false},"product_cat":[25],"product_tag":[],"acf":[],"_links":{"self":[{"href":"https:\/\/marylineparadise.com\/en\/wp-json\/wp\/v2\/product\/742"}],"collection":[{"href":"https:\/\/marylineparadise.com\/en\/wp-json\/wp\/v2\/product"}],"about":[{"href":"https:\/\/marylineparadise.com\/en\/wp-json\/wp\/v2\/types\/product"}],"version-history":[{"count":3,"href":"https:\/\/marylineparadise.com\/en\/wp-json\/wp\/v2\/product\/742\/revisions"}],"predecessor-version":[{"id":3012,"href":"https:\/\/marylineparadise.com\/en\/wp-json\/wp\/v2\/product\/742\/revisions\/3012"}],"wp:featuredmedia":[{"embeddable":true,"href":"https:\/\/marylineparadise.com\/en\/wp-json\/wp\/v2\/media\/743"}],"wp:attachment":[{"href":"https:\/\/marylineparadise.com\/en\/wp-json\/wp\/v2\/media?parent=742"}],"wp:term":[{"taxonomy":"product_cat","embeddable":true,"href":"https:\/\/marylineparadise.com\/en\/wp-json\/wp\/v2\/product_cat?post=742"},{"taxonomy":"product_tag","embeddable":true,"href":"https:\/\/marylineparadise.com\/en\/wp-json\/wp\/v2\/product_tag?post=742"}],"curies":[{"name":"wp","href":"https:\/\/api.w.org\/{rel}","templated":true}]}}